{"id":262,"date":"2022-10-10T11:44:56","date_gmt":"2022-10-10T11:44:56","guid":{"rendered":"https:\/\/developer.chirinos.co\/?page_id=262"},"modified":"2022-12-06T22:23:56","modified_gmt":"2022-12-06T22:23:56","slug":"training","status":"publish","type":"page","link":"https:\/\/developer.chirinos.co\/es\/training\/","title":{"rendered":"Entrenamiento"},"content":{"rendered":"<p>[et_pb_section fb_built=&#8221;1&#8243; fullwidth=&#8221;on&#8221; _builder_version=&#8221;4.7.7&#8243; _module_preset=&#8221;default&#8221; da_disable_devices=&#8221;off|off|off&#8221; da_is_popup=&#8221;off&#8221; da_exit_intent=&#8221;off&#8221; da_has_close=&#8221;on&#8221; da_alt_close=&#8221;off&#8221; da_dark_close=&#8221;off&#8221; da_not_modal=&#8221;on&#8221; da_is_singular=&#8221;off&#8221; da_with_loader=&#8221;off&#8221; da_has_shadow=&#8221;on&#8221;][et_pb_fullwidth_image src=&#8221;https:\/\/developer.chirinos.co\/wp-content\/uploads\/2022\/10\/Sin-titulo-12.jpg&#8221; title_text=&#8221;Sin t\u00edtulo-12&#8243; _builder_version=&#8221;4.7.7&#8243; _module_preset=&#8221;default&#8221;][\/et_pb_fullwidth_image][\/et_pb_section][et_pb_section fb_built=&#8221;1&#8243; _builder_version=&#8221;4.7.7&#8243; _module_preset=&#8221;default&#8221; custom_padding=&#8221;||0px||false|false&#8221; da_disable_devices=&#8221;off|off|off&#8221; da_is_popup=&#8221;off&#8221; da_exit_intent=&#8221;off&#8221; da_has_close=&#8221;on&#8221; da_alt_close=&#8221;off&#8221; da_dark_close=&#8221;off&#8221; da_not_modal=&#8221;on&#8221; da_is_singular=&#8221;off&#8221; da_with_loader=&#8221;off&#8221; da_has_shadow=&#8221;on&#8221;][et_pb_row _builder_version=&#8221;4.7.7&#8243; _module_preset=&#8221;default&#8221;][et_pb_column type=&#8221;4_4&#8243; _builder_version=&#8221;4.7.7&#8243; _module_preset=&#8221;default&#8221;][et_pb_text _builder_version=&#8221;4.7.7&#8243; _module_preset=&#8221;default&#8221; header_2_font=&#8221;Kanit||||||||&#8221; header_2_text_color=&#8221;#515151&#8243; header_2_font_size=&#8221;24px&#8221; locked=&#8221;off&#8221;]<\/p>\n<h2>Invierta en usted mismo. Nuestro entrenamiento de primer nivel es su respaldo.<\/h2>\n<p>[\/et_pb_text][et_pb_text _builder_version=&#8221;4.7.7&#8243; _module_preset=&#8221;default&#8221; text_font_size=&#8221;19px&#8221; text_line_height=&#8221;1.8em&#8221;]<\/p>\n<p>\u00a0Inicie la orientaci\u00f3n en nuestras oficinas en Houston o en l\u00ednea, nuestro equipo lo capacitar\u00e1 sobre nuestro sistema, c\u00f3mo usar los productos y los mejores consejos e ideas de negocios.<\/p>\n<p>[\/et_pb_text][\/et_pb_column][\/et_pb_row][et_pb_row _builder_version=&#8221;4.7.7&#8243; _module_preset=&#8221;default&#8221; custom_padding=&#8221;||0px||false|false&#8221;][et_pb_column type=&#8221;4_4&#8243; _builder_version=&#8221;4.7.7&#8243; _module_preset=&#8221;default&#8221; custom_css_main_element=&#8221;display: flex;||  align-items: center;||  justify-content: center;||gap:4%;&#8221; custom_css_main_element_last_edited=&#8221;on|desktop&#8221; custom_css_main_element_phone=&#8221;display:grid!important;||gap:0px!important;&#8221;][et_pb_blurb image=&#8221;https:\/\/developer.chirinos.co\/wp-content\/uploads\/2022\/10\/ss1.jpg&#8221; module_class=&#8221;caja30&#8243; _builder_version=&#8221;4.7.7&#8243; _module_preset=&#8221;default&#8221; body_text_color=&#8221;#ffffff&#8221; min_height=&#8221;47em&#8221; custom_margin=&#8221;0px||0px||true|false&#8221; hover_enabled=&#8221;0&#8243; sticky_enabled=&#8221;0&#8243;]<\/p>\n<p><img loading=\"lazy\" src=\"https:\/\/developer.chirinos.co\/wp-content\/uploads\/2022\/10\/box321.png\" width=\"44\" height=\"47\" alt=\"\" class=\"wp-image-268 alignnone size-full\" style=\"display: block; margin-left: auto; margin-right: auto;\" \/><\/p>\n<p style=\"text-align: center;\"><span>CAPACITACI\u00d3N CONSTANTE<\/span><\/p>\n<p style=\"text-align: center;\"><span>Promociones especiales mensuales, cat\u00e1logo de productos, material de apoyo, pedidos y venta en l\u00ednea, adem\u00e1s de estrategias comerciales.\u00a0<\/span><\/p>\n<p style=\"text-align: center;\"><span><\/span><\/p>\n<p>[\/et_pb_blurb][et_pb_blurb image=&#8221;https:\/\/developer.chirinos.co\/wp-content\/uploads\/2022\/10\/ss2.jpg&#8221; module_class=&#8221;caja30&#8243; _builder_version=&#8221;4.7.7&#8243; _module_preset=&#8221;default&#8221; body_text_color=&#8221;#ffffff&#8221; min_height=&#8221;47em&#8221; custom_margin=&#8221;0px||0px||true|false&#8221; hover_enabled=&#8221;0&#8243; sticky_enabled=&#8221;0&#8243;]<\/p>\n<p><img loading=\"lazy\" src=\"https:\/\/developer.chirinos.co\/wp-content\/uploads\/2022\/10\/ca2.png\" width=\"44\" height=\"47\" alt=\"\" class=\"wp-image-425 alignnone size-full\" style=\"display: block; margin-left: auto; margin-right: auto;\" \/><\/p>\n<p style=\"text-align: center;\"><span>PRODUCTOS DE ALTA CALIDAD<\/span><\/p>\n<p style=\"text-align: center;\"><span>Linea automotriz, linea de maquinaria pesada, aceites, lubricantes y limpiadores, disponibles para el cuidado y mantenimiento en el sector automotor con la m\u00e1s alta calidad.<\/span><\/p>\n<p>[\/et_pb_blurb][et_pb_blurb image=&#8221;https:\/\/developer.chirinos.co\/wp-content\/uploads\/2022\/10\/ss3.jpg&#8221; module_class=&#8221;caja30&#8243; _builder_version=&#8221;4.7.7&#8243; _module_preset=&#8221;default&#8221; body_text_color=&#8221;#ffffff&#8221; min_height=&#8221;47em&#8221; custom_margin=&#8221;0px||0px||true|false&#8221; hover_enabled=&#8221;0&#8243; sticky_enabled=&#8221;0&#8243;]<\/p>\n<p><img loading=\"lazy\" src=\"https:\/\/developer.chirinos.co\/wp-content\/uploads\/2022\/10\/ca3.png\" width=\"44\" height=\"47\" alt=\"\" class=\"wp-image-424 alignnone size-full\" style=\"display: block; margin-left: auto; margin-right: auto;\" \/><\/p>\n<p style=\"text-align: center;\">CARRERAS Y OPORTUNIDADES<\/p>\n<p style=\"text-align: center;\"><span>Obtenga consejos y orientaci\u00f3n de alguien que lo haya hecho antes, el equipo est\u00e1 disponible para ayudarlo con cualquier pregunta que pueda tener.\u00a0<\/span><\/p>\n<p style=\"text-align: center;\"><span><\/span><\/p>\n<p style=\"text-align: center;\"><span><\/span><\/p>\n<p>[\/et_pb_blurb][\/et_pb_column][\/et_pb_row][\/et_pb_section][et_pb_section fb_built=&#8221;1&#8243; _builder_version=&#8221;4.7.7&#8243; _module_preset=&#8221;default&#8221; custom_padding=&#8221;0px||||false|false&#8221; da_disable_devices=&#8221;off|off|off&#8221; da_is_popup=&#8221;off&#8221; da_exit_intent=&#8221;off&#8221; da_has_close=&#8221;on&#8221; da_alt_close=&#8221;off&#8221; da_dark_close=&#8221;off&#8221; da_not_modal=&#8221;on&#8221; da_is_singular=&#8221;off&#8221; da_with_loader=&#8221;off&#8221; da_has_shadow=&#8221;on&#8221;][et_pb_row column_structure=&#8221;2_3,1_3&#8243; _builder_version=&#8221;4.7.7&#8243; _module_preset=&#8221;default&#8221; custom_css_main_element=&#8221;display:flex;&#8221; custom_css_main_element_last_edited=&#8221;on|desktop&#8221; custom_css_main_element_phone=&#8221;display:grid;&#8221;][et_pb_column type=&#8221;2_3&#8243; _builder_version=&#8221;4.7.7&#8243; _module_preset=&#8221;default&#8221;][et_pb_text _builder_version=&#8221;4.7.7&#8243; _module_preset=&#8221;default&#8221; header_2_font=&#8221;Kanit||||||||&#8221; header_2_text_color=&#8221;#0c1d4d&#8221; header_2_font_size=&#8221;24px&#8221; locked=&#8221;off&#8221;]<\/p>\n<h2>El pr\u00f3ximo paso: entrenamiento<\/h2>\n<p>[\/et_pb_text][et_pb_text _builder_version=&#8221;4.7.7&#8243; _module_preset=&#8221;default&#8221;]<\/p>\n<p>Durante una semana y hasta un mes, nuestro equipo de capacitaci\u00f3n te ense\u00f1ar\u00e1, asesorar\u00e1 y dar\u00e1 consejos sobre los productos y sus usos.<\/p>\n<p>Durante la capacitaci\u00f3n, conocer\u00e1s las funciones t\u00e9cnicas de cada uno de los productos y su fabricaci\u00f3n, te daremos un recorrido por nuestras instalaciones y fabrica, para que puedas obtener el conocimiento de primera mano. Pasado este per\u00edodo, tendr\u00e1 la confianza y manejo de todos los productos que se comercializan dentro del cami\u00f3n.<\/p>\n<p>Aunque pensamos que lo m\u00e1s importante ser\u00eda aprender sobre Chirinos Mobile Auto Store, porque es lo que garantizar\u00e1 el \u00e9xito de tu negocio, tambi\u00e9n brindamos capacitaci\u00f3n sobre ventas y administraci\u00f3n comercial para ayudar con lo necesario y que seas el mejor propietario de una Mobile Auto Store.<\/p>\n<p><span><\/span><\/p>\n<p>[\/et_pb_text][et_pb_image src=&#8221;https:\/\/developer.chirinos.co\/wp-content\/uploads\/2022\/10\/1851e83e-70d8-4a48-9bb0-b4ec5c89a12b.jpg&#8221; _builder_version=&#8221;4.7.7&#8243; _module_preset=&#8221;default&#8221;][\/et_pb_image][\/et_pb_column][et_pb_column type=&#8221;1_3&#8243; _builder_version=&#8221;4.7.7&#8243; _module_preset=&#8221;default&#8221; custom_padding=&#8221;2%|2%|2%|2%|true|true&#8221; custom_css_main_element=&#8221;box-shadow: 1px 1px 7px rgb(136 136 136 \/ 49%);||border-radius:5px;&#8221;][et_pb_image src=&#8221;https:\/\/developer.chirinos.co\/wp-content\/uploads\/2022\/10\/entrenamiento-7.png&#8221; title_text=&#8221;entrenamiento-7&#8243; _builder_version=&#8221;4.7.7&#8243; _module_preset=&#8221;default&#8221;][\/et_pb_image][et_pb_text _builder_version=&#8221;4.7.7&#8243; _module_preset=&#8221;default&#8221; header_2_font=&#8221;Kanit||||||||&#8221; header_2_text_color=&#8221;#0c1d4d&#8221; header_2_font_size=&#8221;24px&#8221; locked=&#8221;off&#8221;]<\/p>\n<h2><span>Cu\u00e1nto dinero puedes ganar?<\/span><\/h2>\n<p>[\/et_pb_text][et_pb_text _builder_version=&#8221;4.7.7&#8243; _module_preset=&#8221;default&#8221;]<\/p>\n<p>Esta es una gran pregunta, y la respuesta va a depender b\u00e1sicamente de tu esfuerzo. Existen riesgos y desaf\u00edos como propietario de una Mobile Auto Store que en cualquier nuevo negocio podr\u00eda ocurrir, sin embargo, hacemos todo lo posible por formarte en el \u00e1rea y brindarte todo el apoyo que necesites.<\/p>\n<p>[\/et_pb_text][et_pb_blurb use_icon=&#8221;on&#8221; font_icon=&#8221;%%45%%&#8221; icon_color=&#8221;#f5d003&#8243; icon_placement=&#8221;left&#8221; icon_color_last_edited=&#8221;off|desktop&#8221; _builder_version=&#8221;4.7.7&#8243; _module_preset=&#8221;default&#8221; custom_css_blurb_image=&#8221;padding-top:2em;&#8221; icon_color__hover_enabled=&#8221;on|desktop&#8221; icon_color__hover=&#8221;#0c1d4d&#8221;]<\/p>\n<p>Este negocio depende principalmente de lo que puedas invertir, mientras m\u00e1s esfuerzo y pasi\u00f3n tengas, obtendr\u00e1s un mayor beneficio.<\/p>\n<p>[\/et_pb_blurb][et_pb_blurb use_icon=&#8221;on&#8221; font_icon=&#8221;%%45%%&#8221; icon_color=&#8221;#f5d003&#8243; icon_placement=&#8221;left&#8221; icon_color_last_edited=&#8221;off|desktop&#8221; _builder_version=&#8221;4.7.7&#8243; _module_preset=&#8221;default&#8221; custom_css_blurb_image=&#8221;padding-top:2em;&#8221; icon_color__hover_enabled=&#8221;on|hover&#8221; icon_color__hover=&#8221;#0c1d4d&#8221;]<\/p>\n<p>Queremos que tengas \u00e9xito, incluso despu\u00e9s de tu capacitaci\u00f3n formal, un coordinador estar\u00e1 contigo para ayudarte y guiarte.<\/p>\n<p>[\/et_pb_blurb][\/et_pb_column][\/et_pb_row][\/et_pb_section][et_pb_section fb_built=&#8221;1&#8243; _builder_version=&#8221;4.7.7&#8243; _module_preset=&#8221;default&#8221; background_color=&#8221;#031138&#8243; background_image=&#8221;https:\/\/developer.chirinos.co\/wp-content\/uploads\/2022\/10\/fabrica.png&#8221; background_blend=&#8221;overlay&#8221; da_disable_devices=&#8221;off|off|off&#8221; locked=&#8221;off&#8221; da_is_popup=&#8221;off&#8221; da_exit_intent=&#8221;off&#8221; da_has_close=&#8221;on&#8221; da_alt_close=&#8221;off&#8221; da_dark_close=&#8221;off&#8221; da_not_modal=&#8221;on&#8221; da_is_singular=&#8221;off&#8221; da_with_loader=&#8221;off&#8221; da_has_shadow=&#8221;on&#8221;][et_pb_row column_structure=&#8221;2_5,3_5&#8243; _builder_version=&#8221;4.7.7&#8243; _module_preset=&#8221;default&#8221; custom_css_main_element=&#8221;display: flex;||  align-items: center;||  justify-content: center;&#8221; custom_css_main_element_last_edited=&#8221;on|desktop&#8221; custom_css_main_element_phone=&#8221;display:grid;&#8221;][et_pb_column type=&#8221;2_5&#8243; _builder_version=&#8221;4.7.7&#8243; _module_preset=&#8221;default&#8221; custom_css_main_element=&#8221;display:flex;||gap:2%;&#8221; custom_css_main_element_last_edited=&#8221;on|desktop&#8221;][et_pb_button button_url=&#8221;@ET-DC@eyJkeW5hbWljIjp0cnVlLCJjb250ZW50IjoicG9zdF9saW5rX3VybF9wYWdlIiwic2V0dGluZ3MiOnsicG9zdF9pZCI6IjQ1NSJ9fQ==@&#8221; button_text=&#8221;Contact Us&#8221; _builder_version=&#8221;4.7.7&#8243; _dynamic_attributes=&#8221;button_url&#8221; _module_preset=&#8221;default&#8221; custom_button=&#8221;on&#8221; button_text_color=&#8221;#0c1d4d&#8221; button_bg_color=&#8221;#f3b007&#8243; button_border_width=&#8221;0px&#8221; button_icon=&#8221;%%119%%&#8221; button_icon_color=&#8221;#0c1d4d&#8221; button_icon_placement=&#8221;left&#8221; button_on_hover=&#8221;off&#8221; custom_padding=&#8221;|2em||2em|false|true&#8221; button_bg_color__hover_enabled=&#8221;on|hover&#8221; button_bg_color__hover=&#8221;&#8221; button_bg_enable_color__hover=&#8221;off&#8221; button_text_size__hover_enabled=&#8221;off|hover&#8221; button_text_color__hover_enabled=&#8221;on|hover&#8221; button_text_color__hover=&#8221;#f3b007&#8243; button_border_width__hover_enabled=&#8221;on|hover&#8221; button_border_width__hover=&#8221;2px&#8221; button_border_color__hover_enabled=&#8221;on|hover&#8221; button_border_color__hover=&#8221;#f3b007&#8243;][\/et_pb_button][\/et_pb_column][et_pb_column type=&#8221;3_5&#8243; _builder_version=&#8221;4.7.7&#8243; _module_preset=&#8221;default&#8221;][et_pb_text _builder_version=&#8221;4.7.7&#8243; _module_preset=&#8221;default&#8221; text_text_color=&#8221;#ffffff&#8221; text_font_size=&#8221;19px&#8221; header_font=&#8221;Kanit||||||||&#8221; header_text_color=&#8221;#515151&#8243; header_font_size=&#8221;32px&#8221; header_2_font=&#8221;Kanit||||||||&#8221; header_2_text_color=&#8221;#f3b007&#8243;]<\/p>\n<h2>Est\u00e1 listo para una franquicia?<\/h2>\n<p><span>D\u00e9 el siguiente paso hacia su propio \u00e9xito. Cont\u00e1ctenos y perm\u00edtanos ayudarlo a trazar el camino hacia un futuro mejor.<\/span><\/p>\n<p>[\/et_pb_text][\/et_pb_column][\/et_pb_row][\/et_pb_section]<\/p>","protected":false},"excerpt":{"rendered":"<p>[et_pb_section fb_built=&#8221;1&#8243; fullwidth=&#8221;on&#8221; _builder_version=&#8221;4.7.7&#8243; _module_preset=&#8221;default&#8221; da_disable_devices=&#8221;off|off|off&#8221; da_is_popup=&#8221;off&#8221; da_exit_intent=&#8221;off&#8221; da_has_close=&#8221;on&#8221; da_alt_close=&#8221;off&#8221; da_dark_close=&#8221;off&#8221; da_not_modal=&#8221;on&#8221; da_is_singular=&#8221;off&#8221; da_with_loader=&#8221;off&#8221; da_has_shadow=&#8221;on&#8221;][et_pb_fullwidth_image src=&#8221;https:\/\/developer.chirinos.co\/wp-content\/uploads\/2022\/10\/Sin-titulo-12.jpg&#8221; title_text=&#8221;Sin t\u00edtulo-12&#8243; _builder_version=&#8221;4.7.7&#8243; _module_preset=&#8221;default&#8221;][\/et_pb_fullwidth_image][\/et_pb_section][et_pb_section fb_built=&#8221;1&#8243; _builder_version=&#8221;4.7.7&#8243; _module_preset=&#8221;default&#8221; custom_padding=&#8221;||0px||false|false&#8221; da_disable_devices=&#8221;off|off|off&#8221; da_is_popup=&#8221;off&#8221; da_exit_intent=&#8221;off&#8221; da_has_close=&#8221;on&#8221; da_alt_close=&#8221;off&#8221; da_dark_close=&#8221;off&#8221; da_not_modal=&#8221;on&#8221; da_is_singular=&#8221;off&#8221; da_with_loader=&#8221;off&#8221; da_has_shadow=&#8221;on&#8221;][et_pb_row _builder_version=&#8221;4.7.7&#8243; _module_preset=&#8221;default&#8221;][et_pb_column type=&#8221;4_4&#8243; _builder_version=&#8221;4.7.7&#8243; _module_preset=&#8221;default&#8221;][et_pb_text _builder_version=&#8221;4.7.7&#8243; _module_preset=&#8221;default&#8221; header_2_font=&#8221;Kanit||||||||&#8221; header_2_text_color=&#8221;#515151&#8243; header_2_font_size=&#8221;24px&#8221; locked=&#8221;off&#8221;] Invest in yourself. Our top notch training is your back [&hellip;]<\/p>","protected":false},"author":1,"featured_media":0,"parent":0,"menu_order":0,"comment_status":"closed","ping_status":"closed","template":"","meta":{"_et_pb_use_builder":"on","_et_pb_old_content":"","_et_gb_content_width":""},"_links":{"self":[{"href":"https:\/\/developer.chirinos.co\/es\/wp-json\/wp\/v2\/pages\/262"}],"collection":[{"href":"https:\/\/developer.chirinos.co\/es\/wp-json\/wp\/v2\/pages"}],"about":[{"href":"https:\/\/developer.chirinos.co\/es\/wp-json\/wp\/v2\/types\/page"}],"author":[{"embeddable":true,"href":"https:\/\/developer.chirinos.co\/es\/wp-json\/wp\/v2\/users\/1"}],"replies":[{"embeddable":true,"href":"https:\/\/developer.chirinos.co\/es\/wp-json\/wp\/v2\/comments?post=262"}],"version-history":[{"count":26,"href":"https:\/\/developer.chirinos.co\/es\/wp-json\/wp\/v2\/pages\/262\/revisions"}],"predecessor-version":[{"id":839,"href":"https:\/\/developer.chirinos.co\/es\/wp-json\/wp\/v2\/pages\/262\/revisions\/839"}],"wp:attachment":[{"href":"https:\/\/developer.chirinos.co\/es\/wp-json\/wp\/v2\/media?parent=262"}],"curies":[{"name":"wp","href":"https:\/\/api.w.org\/{rel}","templated":true}]}}