{"id":305,"date":"2022-10-12T21:02:07","date_gmt":"2022-10-12T21:02:07","guid":{"rendered":"https:\/\/developer.chirinos.co\/?page_id=305"},"modified":"2022-12-13T15:35:57","modified_gmt":"2022-12-13T15:35:57","slug":"testimonials","status":"publish","type":"page","link":"https:\/\/developer.chirinos.co\/es\/testimonials\/","title":{"rendered":"Testimonios"},"content":{"rendered":"<p>[et_pb_section fb_built=&#8221;1&#8243; _builder_version=&#8221;4.7.7&#8243; _module_preset=&#8221;default&#8221; custom_padding=&#8221;||18px|||&#8221; da_disable_devices=&#8221;off|off|off&#8221; da_is_popup=&#8221;off&#8221; da_exit_intent=&#8221;off&#8221; da_has_close=&#8221;on&#8221; da_alt_close=&#8221;off&#8221; da_dark_close=&#8221;off&#8221; da_not_modal=&#8221;on&#8221; da_is_singular=&#8221;off&#8221; da_with_loader=&#8221;off&#8221; da_has_shadow=&#8221;on&#8221;][et_pb_row _builder_version=&#8221;4.7.7&#8243; _module_preset=&#8221;default&#8221;][et_pb_column type=&#8221;4_4&#8243; _builder_version=&#8221;4.7.7&#8243; _module_preset=&#8221;default&#8221;][et_pb_text _builder_version=&#8221;4.7.7&#8243; _module_preset=&#8221;default&#8221; header_font=&#8221;Kanit||||||||&#8221; header_text_color=&#8221;#515151&#8243; header_font_size=&#8221;50px&#8221;]<\/p>\n<h1><span>Testimonios<\/span><\/h1>\n<h2><strong>Cualquier persona puede hacerlo.<\/strong><\/h2>\n<p>Mira las historias de otros que empezaron como t\u00fa, insp\u00edrate y visualiza hasta donde puedes llegar con los productos de Chirinos Mobile Auto Store.<\/p>\n<p>[\/et_pb_text][\/et_pb_column][\/et_pb_row][\/et_pb_section][et_pb_section fb_built=&#8221;1&#8243; _builder_version=&#8221;4.7.7&#8243; _module_preset=&#8221;default&#8221; da_disable_devices=&#8221;off|off|off&#8221; da_is_popup=&#8221;off&#8221; da_exit_intent=&#8221;off&#8221; da_has_close=&#8221;on&#8221; da_alt_close=&#8221;off&#8221; da_dark_close=&#8221;off&#8221; da_not_modal=&#8221;on&#8221; da_is_singular=&#8221;off&#8221; da_with_loader=&#8221;off&#8221; da_has_shadow=&#8221;on&#8221;][et_pb_row _builder_version=&#8221;4.7.7&#8243; _module_preset=&#8221;default&#8221;][et_pb_column type=&#8221;4_4&#8243; _builder_version=&#8221;4.7.7&#8243; _module_preset=&#8221;default&#8221; custom_css_main_element_last_edited=&#8221;on|desktop&#8221;][et_pb_blurb title=&#8221;Training&#8221; image=&#8221;https:\/\/developer.chirinos.co\/wp-content\/uploads\/2022\/10\/aq1.png&#8221; module_class=&#8221;cajde9&#8243; _builder_version=&#8221;4.7.7&#8243; _module_preset=&#8221;default&#8221; header_font=&#8221;Kanit||||||||&#8221; header_text_color=&#8221;#515151&#8243; text_orientation=&#8221;center&#8221; custom_margin=&#8221;0px|0px|0px|0px|true|true&#8221; custom_padding=&#8221;1%|1%|1%|1%|true|true&#8221; custom_css_main_element=&#8221;    float: left;||    width: 23%!important;||    margin-left: 1%!important;||    margin-right: 1%!important;||    margin-top: 0px!important;||    margin-bottom: 0px!important;&#8221; custom_css_blurb_content=&#8221;min-height:15em!important;&#8221; border_radii=&#8221;on|5px|5px|5px|5px&#8221; border_color_all=&#8221;#0c1d4d&#8221; box_shadow_style=&#8221;preset1&#8243; box_shadow_vertical=&#8221;1px&#8221; box_shadow_blur=&#8221;7px&#8221; locked=&#8221;off&#8221; background__hover_enabled=&#8221;on|hover&#8221; background_color__hover=&#8221;&#8221; background_enable_color__hover=&#8221;off&#8221; border_color_all__hover_enabled=&#8221;on|hover&#8221; border_color_all__hover=&#8221;#f5d003&#8243; custom_css_main_element_last_edited=&#8221;on|desktop&#8221; custom_css_blurb_content_last_edited=&#8221;on|desktop&#8221; custom_css_main_element_phone=&#8221;width:100%!important;;||margin-top:1em!important;;||margin-bottom:1em!important;&#8221;]<\/p>\n<p style=\"text-align: center;\"><span>Estamos con usted durante y despu\u00e9s del proceso ofreci\u00e9ndole capacitaci\u00f3n y nuevas tecnolog\u00edas.\u00a0<\/span><\/p>\n<p>[\/et_pb_blurb][et_pb_blurb title=&#8221;Opportunities&#8221; image=&#8221;https:\/\/developer.chirinos.co\/wp-content\/uploads\/2022\/10\/aq2.png&#8221; module_class=&#8221;cajde9&#8243; _builder_version=&#8221;4.7.7&#8243; _module_preset=&#8221;default&#8221; header_font=&#8221;Kanit||||||||&#8221; header_text_color=&#8221;#515151&#8243; text_orientation=&#8221;center&#8221; custom_margin=&#8221;0px|0px|0px|0px|true|true&#8221; custom_padding=&#8221;1%|1%|1%|1%|true|true&#8221; custom_css_main_element=&#8221;    float: left;||    width: 23%!important;||    margin-left: 1%!important;||    margin-right: 1%!important;||    margin-top: 0px!important;||    margin-bottom: 0px!important;&#8221; custom_css_blurb_content=&#8221;min-height:15em!important;&#8221; border_radii=&#8221;on|5px|5px|5px|5px&#8221; border_color_all=&#8221;#0c1d4d&#8221; box_shadow_style=&#8221;preset1&#8243; box_shadow_vertical=&#8221;1px&#8221; box_shadow_blur=&#8221;7px&#8221; locked=&#8221;off&#8221; background__hover_enabled=&#8221;on|hover&#8221; background_color__hover=&#8221;&#8221; background_enable_color__hover=&#8221;off&#8221; border_color_all__hover_enabled=&#8221;on|hover&#8221; border_color_all__hover=&#8221;#f5d003&#8243; custom_css_main_element_last_edited=&#8221;on|desktop&#8221; custom_css_blurb_content_last_edited=&#8221;on|desktop&#8221; custom_css_main_element_phone=&#8221;width:100%!important;;||margin-top:1em!important;;||margin-bottom:1em!important;&#8221;]<\/p>\n<p style=\"text-align: center;\"><span>Oportunidades de avanzar hacia otros mercados y tipos de clientes.\u00a0<\/span><\/p>\n<p>[\/et_pb_blurb][et_pb_blurb title=&#8221;Growth&#8221; image=&#8221;https:\/\/developer.chirinos.co\/wp-content\/uploads\/2022\/10\/aq3.png&#8221; module_class=&#8221;cajde9&#8243; _builder_version=&#8221;4.7.7&#8243; _module_preset=&#8221;default&#8221; header_font=&#8221;Kanit||||||||&#8221; header_text_color=&#8221;#515151&#8243; text_orientation=&#8221;center&#8221; custom_margin=&#8221;0px|0px|0px|0px|true|true&#8221; custom_padding=&#8221;1%|1%|1%|1%|true|true&#8221; custom_css_main_element=&#8221;    float: left;||    width: 23%!important;||    margin-left: 1%!important;||    margin-right: 1%!important;||    margin-top: 0px!important;||    margin-bottom: 0px!important;&#8221; custom_css_blurb_content=&#8221;min-height:15em!important;&#8221; border_radii=&#8221;on|5px|5px|5px|5px&#8221; border_color_all=&#8221;#0c1d4d&#8221; box_shadow_style=&#8221;preset1&#8243; box_shadow_vertical=&#8221;1px&#8221; box_shadow_blur=&#8221;7px&#8221; locked=&#8221;off&#8221; background__hover_enabled=&#8221;on|hover&#8221; background_color__hover=&#8221;&#8221; background_enable_color__hover=&#8221;off&#8221; border_color_all__hover_enabled=&#8221;on|hover&#8221; border_color_all__hover=&#8221;#f5d003&#8243; custom_css_main_element_last_edited=&#8221;on|desktop&#8221; custom_css_blurb_content_last_edited=&#8221;on|desktop&#8221; custom_css_main_element_phone=&#8221;width:100%!important;;||margin-top:1em!important;;||margin-bottom:1em!important;&#8221;]<\/p>\n<p style=\"text-align: center;\"><span>Queremos que crezca, siempre podr\u00e1 consultar con su gerente o coordinador.<\/span><\/p>\n<p>[\/et_pb_blurb][et_pb_blurb title=&#8221;Connections&#8221; image=&#8221;https:\/\/developer.chirinos.co\/wp-content\/uploads\/2022\/10\/aq4.png&#8221; module_class=&#8221;cajde9&#8243; _builder_version=&#8221;4.7.7&#8243; _module_preset=&#8221;default&#8221; header_font=&#8221;Kanit||||||||&#8221; header_text_color=&#8221;#515151&#8243; text_orientation=&#8221;center&#8221; custom_margin=&#8221;0px|0px|0px|0px|true|true&#8221; custom_padding=&#8221;1%|1%|1%|1%|true|true&#8221; custom_css_main_element=&#8221;    float: left;||    width: 23%!important;||    margin-left: 1%!important;||    margin-right: 1%!important;||    margin-top: 0px!important;||    margin-bottom: 0px!important;&#8221; custom_css_blurb_content=&#8221;min-height:15em!important;&#8221; border_radii=&#8221;on|5px|5px|5px|5px&#8221; border_color_all=&#8221;#0c1d4d&#8221; box_shadow_style=&#8221;preset1&#8243; box_shadow_vertical=&#8221;1px&#8221; box_shadow_blur=&#8221;7px&#8221; locked=&#8221;off&#8221; background__hover_enabled=&#8221;on|hover&#8221; background_color__hover=&#8221;&#8221; background_enable_color__hover=&#8221;off&#8221; border_color_all__hover_enabled=&#8221;on|hover&#8221; border_color_all__hover=&#8221;#f5d003&#8243; custom_css_main_element_last_edited=&#8221;on|desktop&#8221; custom_css_blurb_content_last_edited=&#8221;on|desktop&#8221; custom_css_main_element_phone=&#8221;width:100%!important;;||margin-top:1em!important;;||margin-bottom:1em!important;&#8221;]<\/p>\n<p style=\"text-align: center;\">Piense en la posibilidad de generar empleo para otros, incluso para su familia.<\/p>\n<p>[\/et_pb_blurb][\/et_pb_column][\/et_pb_row][\/et_pb_section][et_pb_section fb_built=&#8221;1&#8243; _builder_version=&#8221;4.7.7&#8243; _module_preset=&#8221;default&#8221; background_color=&#8221;rgba(12,29,77,0.64)&#8221; background_image=&#8221;https:\/\/developer.chirinos.co\/wp-content\/uploads\/2022\/10\/1f032b9c-bb7b-4f25-b731-9e3c5f2a0df4.jpg&#8221; background_position=&#8221;top_center&#8221; background_blend=&#8221;overlay&#8221; min_height=&#8221;35em&#8221; min_height_tablet=&#8221;&#8221; min_height_phone=&#8221;&#8221; min_height_last_edited=&#8221;on|desktop&#8221; da_disable_devices=&#8221;off|off|off&#8221; da_is_popup=&#8221;off&#8221; da_exit_intent=&#8221;off&#8221; da_has_close=&#8221;on&#8221; da_alt_close=&#8221;off&#8221; da_dark_close=&#8221;off&#8221; da_not_modal=&#8221;on&#8221; da_is_singular=&#8221;off&#8221; da_with_loader=&#8221;off&#8221; da_has_shadow=&#8221;on&#8221;][et_pb_row custom_padding_last_edited=&#8221;on|desktop&#8221; _builder_version=&#8221;4.7.7&#8243; _module_preset=&#8221;default&#8221; custom_padding=&#8221;|40%|||false|false&#8221; custom_padding_tablet=&#8221;&#8221; custom_padding_phone=&#8221;&#8221;][et_pb_column type=&#8221;4_4&#8243; _builder_version=&#8221;4.7.7&#8243; _module_preset=&#8221;default&#8221;][et_pb_text _builder_version=&#8221;4.7.7&#8243; _module_preset=&#8221;default&#8221; text_text_color=&#8221;#ffffff&#8221; header_font=&#8221;Kanit||||||||&#8221; header_text_color=&#8221;#515151&#8243; header_font_size=&#8221;32px&#8221; header_2_font=&#8221;Kanit||||||||&#8221; header_2_text_color=&#8221;#ffffff&#8221; header_2_font_size=&#8221;32px&#8221; custom_margin=&#8221;||3px|||&#8221;]<\/p>\n<h2><span>Personas como usted nos inspiran. Una franquicia, una oportunidad.\u00a0<\/span><\/h2>\n<p>&nbsp;<\/p>\n<p><span><\/span><\/p>\n<p>[\/et_pb_text][et_pb_counters _builder_version=&#8221;4.7.7&#8243; _module_preset=&#8221;default&#8221;][et_pb_counter percent=&#8221;77&#8243; bar_background_color=&#8221;#f5d003&#8243; _builder_version=&#8221;4.7.7&#8243; _module_preset=&#8221;default&#8221; title_text_color=&#8221;#ffffff&#8221; background_enable_color_default=&#8221;on&#8221; parallax_default=&#8221;off&#8221; parallax_method_default=&#8221;on&#8221; bar_background_color_default=&#8221;#7EBEC5&#8243; use_percentages=&#8221;on&#8221; allow_player_pause_default=&#8221;off&#8221;]Growth in the automotive industry[\/et_pb_counter][\/et_pb_counters][et_pb_counters _builder_version=&#8221;4.7.7&#8243; _module_preset=&#8221;default&#8221;][et_pb_counter percent=&#8221;100&#8243; bar_background_color=&#8221;#f5d003&#8243; _builder_version=&#8221;4.7.7&#8243; _module_preset=&#8221;default&#8221; title_text_color=&#8221;#ffffff&#8221; background_enable_color_default=&#8221;on&#8221; parallax_default=&#8221;off&#8221; parallax_method_default=&#8221;on&#8221; bar_background_color_default=&#8221;#7EBEC5&#8243; use_percentages=&#8221;on&#8221; allow_player_pause_default=&#8221;off&#8221;]Learning and commissioning[\/et_pb_counter][\/et_pb_counters][\/et_pb_column][\/et_pb_row][\/et_pb_section][et_pb_section fb_built=&#8221;1&#8243; _builder_version=&#8221;4.7.7&#8243; _module_preset=&#8221;default&#8221; da_disable_devices=&#8221;off|off|off&#8221; da_is_popup=&#8221;off&#8221; da_exit_intent=&#8221;off&#8221; da_has_close=&#8221;on&#8221; da_alt_close=&#8221;off&#8221; da_dark_close=&#8221;off&#8221; da_not_modal=&#8221;on&#8221; da_is_singular=&#8221;off&#8221; da_with_loader=&#8221;off&#8221; da_has_shadow=&#8221;on&#8221;][et_pb_row _builder_version=&#8221;4.7.7&#8243; _module_preset=&#8221;default&#8221;][et_pb_column type=&#8221;4_4&#8243; _builder_version=&#8221;4.7.7&#8243; _module_preset=&#8221;default&#8221;][et_pb_divider color=&#8221;#b7b7b7&#8243; _builder_version=&#8221;4.7.7&#8243; _module_preset=&#8221;default&#8221; width=&#8221;100%&#8221;][\/et_pb_divider][et_pb_text _builder_version=&#8221;4.7.7&#8243; _module_preset=&#8221;default&#8221; header_2_font=&#8221;Kanit||||||||&#8221; header_2_text_color=&#8221;#0c1d4d&#8221; header_2_font_size=&#8221;25px&#8221;]<\/p>\n<h2>Armando Colina<\/h2>\n<p><span>2020<\/span><\/p>\n<p>Escuchar c\u00f3mo se sienten nuestros clientes y c\u00f3mo nuestros servicios les han ayudado significa mucho para nosotros.<\/p>\n<p>Este testimonio de Armando Colina nos motiva a seguir trabajando duro.<\/p>\n<p>Trabajamos cada d\u00eda para ganar su confianza y no hay nada mejor que tener clientes satisfechos.<\/p>\n<p><span><\/span><\/p>\n<p>[\/et_pb_text][et_pb_video src=&#8221;https:\/\/youtu.be\/8_bdXlu6uic&#8221; thumbnail_overlay_color=&#8221;rgba(0,0,0,0.6)&#8221; _builder_version=&#8221;4.7.7&#8243; _module_preset=&#8221;default&#8221; min_height_last_edited=&#8221;off|desktop&#8221; max_height_tablet=&#8221;&#8221; max_height_phone=&#8221;&#8221; max_height_last_edited=&#8221;on|desktop&#8221;][\/et_pb_video][\/et_pb_column][\/et_pb_row][\/et_pb_section][et_pb_section fb_built=&#8221;1&#8243; _builder_version=&#8221;4.7.7&#8243; _module_preset=&#8221;default&#8221; da_disable_devices=&#8221;off|off|off&#8221; da_is_popup=&#8221;off&#8221; da_exit_intent=&#8221;off&#8221; da_has_close=&#8221;on&#8221; da_alt_close=&#8221;off&#8221; da_dark_close=&#8221;off&#8221; da_not_modal=&#8221;on&#8221; da_is_singular=&#8221;off&#8221; da_with_loader=&#8221;off&#8221; da_has_shadow=&#8221;on&#8221;][et_pb_row _builder_version=&#8221;4.7.7&#8243; _module_preset=&#8221;default&#8221;][et_pb_column type=&#8221;4_4&#8243; _builder_version=&#8221;4.7.7&#8243; _module_preset=&#8221;default&#8221;][et_pb_divider color=&#8221;#b7b7b7&#8243; _builder_version=&#8221;4.7.7&#8243; _module_preset=&#8221;default&#8221; width=&#8221;100%&#8221;][\/et_pb_divider][et_pb_text _builder_version=&#8221;4.7.7&#8243; _module_preset=&#8221;default&#8221; header_2_font=&#8221;Kanit||||||||&#8221; header_2_text_color=&#8221;#0c1d4d&#8221; header_2_font_size=&#8221;25px&#8221;]<\/p>\n<h2>Jes\u00fas Sulbaran<\/h2>\n<p><span>2020<\/span><\/p>\n<p>Nuestros servicios nos hacen diferentes, y no somos nosotros los que lo decimos, gracias a nuestros fieles clientes, que han cre\u00eddo en nosotros desde nuestros inicios. Nos esforzamos por mantenerlos satisfechos y aportarles las soluciones que necesitan para que puedan acelerar su rendimiento. En Chirinos lo que importa es la colaboraci\u00f3n, y buscamos trabajar con talleres mec\u00e1nicos de todo Houston para poder ofrecer el mejor servicio de la ciudad.<\/p>\n<p>[\/et_pb_text][et_pb_video src=&#8221;https:\/\/youtu.be\/ZQLuR23MncQ&#8221; _builder_version=&#8221;4.7.7&#8243; _module_preset=&#8221;default&#8221;][\/et_pb_video][\/et_pb_column][\/et_pb_row][\/et_pb_section][et_pb_section fb_built=&#8221;1&#8243; _builder_version=&#8221;4.7.7&#8243; _module_preset=&#8221;default&#8221; da_disable_devices=&#8221;off|off|off&#8221; da_is_popup=&#8221;off&#8221; da_exit_intent=&#8221;off&#8221; da_has_close=&#8221;on&#8221; da_alt_close=&#8221;off&#8221; da_dark_close=&#8221;off&#8221; da_not_modal=&#8221;on&#8221; da_is_singular=&#8221;off&#8221; da_with_loader=&#8221;off&#8221; da_has_shadow=&#8221;on&#8221;][et_pb_row _builder_version=&#8221;4.7.7&#8243; _module_preset=&#8221;default&#8221;][et_pb_column type=&#8221;4_4&#8243; _builder_version=&#8221;4.7.7&#8243; _module_preset=&#8221;default&#8221;][et_pb_divider color=&#8221;#b7b7b7&#8243; _builder_version=&#8221;4.7.7&#8243; _module_preset=&#8221;default&#8221; width=&#8221;100%&#8221;][\/et_pb_divider][et_pb_text _builder_version=&#8221;4.7.7&#8243; _module_preset=&#8221;default&#8221; header_2_font=&#8221;Kanit||||||||&#8221; header_2_text_color=&#8221;#0c1d4d&#8221; header_2_font_size=&#8221;25px&#8221;]<\/p>\n<h2><span>Pedro Sangroni<\/span><\/h2>\n<p><span>2019<\/span><\/p>\n<p>Escuchar la experiencia de compra de nuestros clientes nos motiva a seguir trabajando duro para continuar proporcion\u00e1ndoles un servicio de alta calidad. No importa si usted es due\u00f1o de un taller de autos, de camiones o de otro negocio.  Podemos proporcionarle los aceites, lubricantes y cualquier otro fluido que pueda necesitar.<\/p>\n<p>[\/et_pb_text][et_pb_video src=&#8221;https:\/\/youtu.be\/GhsTc6ZlFs4&#8243; _builder_version=&#8221;4.7.7&#8243; _module_preset=&#8221;default&#8221;][\/et_pb_video][\/et_pb_column][\/et_pb_row][\/et_pb_section][et_pb_section fb_built=&#8221;1&#8243; disabled_on=&#8221;off|off|off&#8221; admin_label=&#8221;Section&#8221; _builder_version=&#8221;4.7.7&#8243; _module_preset=&#8221;default&#8221; background_color=&#8221;#f5d003&#8243; hover_enabled=&#8221;0&#8243; da_disable_devices=&#8221;off|off|off&#8221; custom_padding=&#8221;0px||0px||true|false&#8221; sticky_enabled=&#8221;0&#8243; locked=&#8221;off&#8221; da_is_popup=&#8221;off&#8221; da_exit_intent=&#8221;off&#8221; da_has_close=&#8221;on&#8221; da_alt_close=&#8221;off&#8221; da_dark_close=&#8221;off&#8221; da_not_modal=&#8221;on&#8221; da_is_singular=&#8221;off&#8221; da_with_loader=&#8221;off&#8221; da_has_shadow=&#8221;on&#8221;][et_pb_row column_structure=&#8221;1_2,1_2&#8243; _builder_version=&#8221;4.7.7&#8243; _module_preset=&#8221;default&#8221; hover_enabled=&#8221;0&#8243; sticky_enabled=&#8221;0&#8243; custom_padding=&#8221;0px||0px||true|false&#8221;][et_pb_column type=&#8221;1_2&#8243; _builder_version=&#8221;4.7.7&#8243; _module_preset=&#8221;default&#8221; hover_enabled=&#8221;0&#8243; title_text=&#8221;Chirinos truck side&#8221; background_image=&#8221;https:\/\/developer.chirinos.co\/wp-content\/uploads\/2022\/11\/Chirinos-truck-side.jpeg&#8221; sticky_enabled=&#8221;0&#8243;][et_pb_image src=&#8221;https:\/\/developer.chirinos.co\/wp-content\/uploads\/2022\/11\/Chirinos-truck-side.jpeg&#8221; title_text=&#8221;Chirinos truck side&#8221; _builder_version=&#8221;4.7.7&#8243; _module_preset=&#8221;default&#8221; hover_enabled=&#8221;0&#8243; sticky_enabled=&#8221;0&#8243; filter_opacity=&#8221;0%&#8221;][\/et_pb_image][\/et_pb_column][et_pb_column type=&#8221;1_2&#8243; _builder_version=&#8221;4.7.7&#8243; _module_preset=&#8221;default&#8221;][et_pb_text module_class=&#8221;resalt2&#8243; _builder_version=&#8221;4.7.7&#8243; _module_preset=&#8221;default&#8221; text_font=&#8221;Kanit||||||||&#8221; text_text_color=&#8221;#838383&#8243; text_font_size=&#8221;21px&#8221; header_2_font=&#8221;Kanit||||||||&#8221; header_2_text_color=&#8221;#515151&#8243; hover_enabled=&#8221;0&#8243; custom_margin_last_edited=&#8221;on|desktop&#8221; custom_margin=&#8221;2em||||false|false&#8221; sticky_enabled=&#8221;0&#8243;]<\/p>\n<h2><span>Comience hoy y sea su <strong>propio jefe<\/strong><\/span><\/h2>\n<p>[\/et_pb_text][et_pb_text _builder_version=&#8221;4.7.7&#8243; _module_preset=&#8221;default&#8221; text_font=&#8221;Open Sans||||||||&#8221; text_text_color=&#8221;#515151&#8243; text_font_size=&#8221;16px&#8221;]<\/p>\n<div class=\"elementor-element elementor-element-e5b2108 elementor-widget elementor-widget-text-editor\" data-id=\"e5b2108\" data-element_type=\"widget\" data-widget_type=\"text-editor.default\">\n<div class=\"elementor-widget-container\">\n<div class=\"elementor-text-editor elementor-clearfix\">\n<p>S\u00fabase a un cami\u00f3n y sea parte de este proyecto. Maneje su propia franquicia de Chirinos Mobile Auto Store y genere el ingreso que cambiar\u00e1 su vida.<\/p>\n<\/div>\n<\/div>\n<\/div>\n<p>[\/et_pb_text][et_pb_button button_url=&#8221;@ET-DC@eyJkeW5hbWljIjp0cnVlLCJjb250ZW50IjoicG9zdF9saW5rX3VybF9wYWdlIiwic2V0dGluZ3MiOnsicG9zdF9pZCI6IjQ1NSJ9fQ==@&#8221; button_text=&#8221;More Info&#8221; _builder_version=&#8221;4.7.7&#8243; _dynamic_attributes=&#8221;button_url&#8221; _module_preset=&#8221;default&#8221; custom_button=&#8221;on&#8221; button_text_size=&#8221;15px&#8221; button_text_color=&#8221;#ffffff&#8221; button_bg_color=&#8221;#c12832&#8243; button_border_width=&#8221;0px&#8221; button_border_radius=&#8221;10px&#8221; button_use_icon=&#8221;off&#8221;][\/et_pb_button][\/et_pb_column][\/et_pb_row][\/et_pb_section]<\/p>","protected":false},"excerpt":{"rendered":"<p>[et_pb_section fb_built=&#8221;1&#8243; _builder_version=&#8221;4.7.7&#8243; _module_preset=&#8221;default&#8221; custom_padding=&#8221;||18px|||&#8221; da_disable_devices=&#8221;off|off|off&#8221; da_is_popup=&#8221;off&#8221; da_exit_intent=&#8221;off&#8221; da_has_close=&#8221;on&#8221; da_alt_close=&#8221;off&#8221; da_dark_close=&#8221;off&#8221; da_not_modal=&#8221;on&#8221; da_is_singular=&#8221;off&#8221; da_with_loader=&#8221;off&#8221; da_has_shadow=&#8221;on&#8221;][et_pb_row _builder_version=&#8221;4.7.7&#8243; _module_preset=&#8221;default&#8221;][et_pb_column type=&#8221;4_4&#8243; _builder_version=&#8221;4.7.7&#8243; _module_preset=&#8221;default&#8221;][et_pb_text _builder_version=&#8221;4.7.7&#8243; _module_preset=&#8221;default&#8221; header_font=&#8221;Kanit||||||||&#8221; header_text_color=&#8221;#515151&#8243; header_font_size=&#8221;50px&#8221;] Testimonials: Anyone can do it. Look at the stories of others who started like you, get inspired and see how far you can go with the products of a Chirinos [&hellip;]<\/p>","protected":false},"author":1,"featured_media":0,"parent":0,"menu_order":0,"comment_status":"closed","ping_status":"closed","template":"","meta":{"_et_pb_use_builder":"on","_et_pb_old_content":"","_et_gb_content_width":""},"_links":{"self":[{"href":"https:\/\/developer.chirinos.co\/es\/wp-json\/wp\/v2\/pages\/305"}],"collection":[{"href":"https:\/\/developer.chirinos.co\/es\/wp-json\/wp\/v2\/pages"}],"about":[{"href":"https:\/\/developer.chirinos.co\/es\/wp-json\/wp\/v2\/types\/page"}],"author":[{"embeddable":true,"href":"https:\/\/developer.chirinos.co\/es\/wp-json\/wp\/v2\/users\/1"}],"replies":[{"embeddable":true,"href":"https:\/\/developer.chirinos.co\/es\/wp-json\/wp\/v2\/comments?post=305"}],"version-history":[{"count":38,"href":"https:\/\/developer.chirinos.co\/es\/wp-json\/wp\/v2\/pages\/305\/revisions"}],"predecessor-version":[{"id":842,"href":"https:\/\/developer.chirinos.co\/es\/wp-json\/wp\/v2\/pages\/305\/revisions\/842"}],"wp:attachment":[{"href":"https:\/\/developer.chirinos.co\/es\/wp-json\/wp\/v2\/media?parent=305"}],"curies":[{"name":"wp","href":"https:\/\/api.w.org\/{rel}","templated":true}]}}